{"id":12126,"date":"2025-07-24T15:10:55","date_gmt":"2025-07-24T15:10:55","guid":{"rendered":"https:\/\/usataxgurus.com\/preparacion-de-impuestos-en-linea-para-pequenas-empresas\/"},"modified":"2026-02-04T19:54:33","modified_gmt":"2026-02-04T19:54:33","slug":"preparacion-de-impuestos-para-empresas","status":"publish","type":"page","link":"https:\/\/usataxgurus.com\/es\/servicios\/preparacion-de-impuestos-para-empresas\/","title":{"rendered":"Preparaci\u00f3n de impuestos en l\u00ednea para peque\u00f1as empresas"},"content":{"rendered":"\n<p>Dirigir una peque\u00f1a empresa significa que usted es responsable de cada pieza del rompecabezas, incluida la parte que la mayor\u00eda de la gente preferir\u00eda evitar: los impuestos. Entre el seguimiento de los gastos, el ahorro de dinero para los pagos trimestrales y la determinaci\u00f3n de qu\u00e9 deducciones se aplican a su sector, puede parecer que las reglas siempre est\u00e1n cambiando. Esto es especialmente cierto una vez que empieza a contratar ayuda, a vender a trav\u00e9s de las fronteras estatales o a prepararse para subir los precios.  <\/p>\n\n<p><a href=\"https:\/\/usataxgurus.com\/es\/\">USA Tax Gurus<\/a> ofrece preparaci\u00f3n de impuestos en l\u00ednea dise\u00f1ada para propietarios de peque\u00f1as empresas. Sabemos que lo que comienza como un trabajo secundario o una nueva empresa puede convertirse r\u00e1pidamente en algo que necesita una preparaci\u00f3n de impuestos fiable y apoyo para la presentaci\u00f3n de la declaraci\u00f3n. Tanto si opera como propietario \u00fanico, LLC o sociedad, nuestro equipo le ayuda a mantenerse al d\u00eda con el IRS y la oficina de ingresos de su estado.  <\/p>\n\n<h2 class=\"wp-block-heading\">\u00bfPor qu\u00e9 contratarnos para la preparaci\u00f3n de impuestos de su peque\u00f1a empresa?<\/h2>\n\n<p>Cuando tiene un negocio, est\u00e1 manejando docenas de piezas m\u00f3viles, y sus impuestos deben reflejar todas ellas. Desde los pagos de los clientes hasta las suscripciones de software, sus registros deben ser precisos y estar clasificados correctamente para evitar errores en su declaraci\u00f3n.  <\/p>\n\n<p>En USA Tax Gurus, trabajamos con propietarios de negocios de todos los sectores para <a href=\"https:\/\/usataxgurus.com\/how-much-do-small-businesses-pay-in-taxes\/\">preparar declaraciones de impuestos<\/a> que tengan sentido para c\u00f3mo operan, c\u00f3mo obtienen ingresos y c\u00f3mo planean crecer. Si se ha retrasado con el papeleo o tiene registros incompletos, le ayudaremos a limpiarlos y a presentar sus declaraciones a tiempo. <\/p>\n\n<p>A continuaci\u00f3n, se exponen algunas de las razones por las que los propietarios de peque\u00f1as empresas conf\u00edan en USA Tax Gurus para sus necesidades de preparaci\u00f3n de impuestos:<\/p>\n\n<figure class=\"wp-block-table\"><table class=\"has-fixed-layout\"><tbody><tr><td><strong>Beneficio<\/strong><\/td><td><strong>Por qu\u00e9 es importante<\/strong><\/td><\/tr><tr><td>Soporte remoto de servicio completo<\/td><td>No tiene que visitar una oficina ni enviar papeleo por correo. Utilizamos herramientas seguras en l\u00ednea para recopilar sus documentos, preparar sus declaraciones y guiarle a trav\u00e9s de los resultados.  <\/td><\/tr><tr><td>Experiencia con estructuras de peque\u00f1as empresas<\/td><td>Hemos trabajado con propietarios \u00fanicos, LLC, S corps y C corps. Sabemos c\u00f3mo preparar las declaraciones del Anexo C, presentar las elecciones de S corp y gestionar las sociedades con varios miembros para que las declaraciones de impuestos reflejen la forma en que est\u00e1 configurada su empresa. <\/td><\/tr><tr><td>Mantenimiento de registros limpios que coinciden con los formularios del IRS<\/td><td>Le ayudamos a organizar sus libros para que coincidan con formularios como el 1099-K, <a href=\"https:\/\/www.irs.gov\/forms-pubs\/about-form-1099-nec\" target=\"_blank\" rel=\"noopener\">1099-NEC<\/a> o W-2. Esto reduce el riesgo de que los n\u00fameros no coincidan y provoquen se\u00f1ales de alerta o retrasen su declaraci\u00f3n. <\/td><\/tr><tr><td>Soporte de planificaci\u00f3n fiscal trimestral<\/td><td>Si debe impuestos estimados, los calculamos y le recordamos cu\u00e1ndo vencen. Esto evita que se retrase o que se enfrente a sanciones cuando llegue la temporada de impuestos. <\/td><\/tr><tr><td>Documentaci\u00f3n lista para la auditor\u00eda<\/td><td>Si el IRS hace preguntas, nos aseguramos de que sus n\u00fameros est\u00e9n respaldados por informes limpios y registros organizados. Podemos responder en su nombre y proporcionar la informaci\u00f3n que soliciten. <\/td><\/tr><tr><td>Integraci\u00f3n de software de impuestos<\/td><td>Conectamos su sistema de contabilidad con un software de impuestos o le ayudamos a migrar a uno que se ajuste a sus necesidades. De este modo, sus ingresos, gastos y n\u00f3minas se introducen en un solo lugar. <\/td><\/tr><\/tbody><\/table><\/figure>\n\n<h2 class=\"wp-block-heading\">Retos fiscales comunes a los que se enfrentan los propietarios de peque\u00f1as empresas<\/h2>\n\n<p>Preparar los impuestos por su cuenta puede dar lugar a errores costosos, especialmente si su negocio est\u00e1 creciendo o sus ingresos proceden de m\u00faltiples fuentes. Muchos propietarios de peque\u00f1as empresas empiezan con simples hojas de c\u00e1lculo o extractos bancarios y se sienten abrumados cuando llega el momento de presentar la declaraci\u00f3n. Incluso los peque\u00f1os errores de declaraci\u00f3n pueden dar lugar a avisos del IRS, deducciones perdidas o impuestos pagados en exceso.  <\/p>\n\n<p>El IRS espera que los propietarios de negocios hagan un seguimiento cuidadoso de los gastos, separen las cuentas personales y de negocios, y presenten los formularios correctos en el momento oportuno. Si no est\u00e1 familiarizado con el funcionamiento de los impuestos estimados, los ingresos de transferencia o los impuestos sobre la n\u00f3mina, es f\u00e1cil que se le pasen los plazos o que aplique las reglas equivocadas. Cada a\u00f1o, ayudamos a los propietarios de negocios a corregir errores comunes antes de que causen problemas a largo plazo.  <\/p>\n\n<figure class=\"wp-block-table\"><table class=\"has-fixed-layout\"><tbody><tr><td><strong>Reto<\/strong><\/td><td><strong>C\u00f3mo ayuda USA Tax Gurus<\/strong><\/td><\/tr><tr><td><strong>Mezclar gastos personales y de negocios<\/strong><\/td><td>Le ayudamos a separar sus transacciones para que solo los gastos de negocio aparezcan en su declaraci\u00f3n. Esto reduce el riesgo de auditor\u00eda y facilita el seguimiento de lo que realmente gast\u00f3 para dirigir su negocio. <\/td><\/tr><tr><td><strong>Registros perdidos o inexactos<\/strong><\/td><td>Organizamos sus recibos, facturas e informes de ingresos para que no se pierda nada. Si ha estado utilizando hojas de c\u00e1lculo o tiene meses de datos perdidos, podemos ayudarle a limpiar todo. <\/td><\/tr><tr><td><strong>Impuestos trimestrales impagados<\/strong><\/td><td>Muchos propietarios de peque\u00f1as empresas no se dan cuenta de que se espera que paguen los impuestos trimestralmente. Calculamos lo que se debe y enviamos recordatorios con enlaces de pago para que se mantenga al d\u00eda. <\/td><\/tr><tr><td><strong>Uso incorrecto de las estructuras empresariales<\/strong><\/td><td>Utilizar el tipo de entidad incorrecto puede aumentar sus impuestos o exponerle a informes innecesarios. Revisamos su configuraci\u00f3n actual y le ayudamos a cambiar a una mejor opci\u00f3n cuando tiene sentido. <\/td><\/tr><tr><td><strong>Formularios y anexos fiscales confusos<\/strong><\/td><td>Preparamos y presentamos su <a href=\"https:\/\/www.irs.gov\/forms-pubs\/about-schedule-c-form-1040\" target=\"_blank\" rel=\"noopener\">Anexo C<\/a>, 1120-S u otros formularios requeridos para que sean precisos y se presenten a tiempo. Explicamos lo que significa cada formulario en t\u00e9rminos sencillos, para que nunca se quede adivinando. <\/td><\/tr><tr><td><strong>Avisos del IRS o presentaciones tard\u00edas<\/strong><\/td><td>Si se le ha pasado la fecha l\u00edmite de presentaci\u00f3n o ha recibido un aviso, le ayudamos a corregir el problema y a comunicarse con el IRS para resolverlo r\u00e1pidamente.<\/td><\/tr><\/tbody><\/table><\/figure>\n\n<p><br\/>En USA Tax Gurus, nuestros servicios de preparaci\u00f3n de impuestos en l\u00ednea para peque\u00f1as empresas <a href=\"\/es\/?page_id=12101#business-taxes\">comienzan en 499 $ al mes<\/a>. \u00a1P\u00f3ngase en contacto con nosotros para obtener m\u00e1s informaci\u00f3n! <\/p>\n\n<h2 class=\"wp-block-heading\">Nuestros servicios de preparaci\u00f3n de impuestos en l\u00ednea para peque\u00f1as empresas<\/h2>\n\n<p>Preparar los impuestos para una peque\u00f1a empresa significa hacer un seguimiento de los ingresos, registrar los gastos y presentar los formularios correctos en funci\u00f3n de c\u00f3mo su empresa gana dinero. Si sus registros no est\u00e1n organizados o sus totales no coinciden con lo que espera el IRS, podr\u00eda terminar con deducciones perdidas, una declaraci\u00f3n retrasada o, lo que es peor, una auditor\u00eda. En USA Tax Gurus, ayudamos a los propietarios de peque\u00f1as empresas a preparar y presentar declaraciones que coincidan con su actividad y a mantenerse al d\u00eda con lo que se requiere.  <\/p>\n\n<h3 class=\"wp-block-heading\">Presentaci\u00f3n de la declaraci\u00f3n de impuestos de la empresa<\/h3>\n\n<p>Preparamos y presentamos las declaraciones federales y estatales en funci\u00f3n de c\u00f3mo est\u00e9 registrada su empresa. Esto incluye las declaraciones de los propietarios \u00fanicos, las LLC y las sociedades. Antes de que se presente nada, comprobamos sus totales, nos aseguramos de que cada elemento est\u00e9 en el lugar correcto y confirmamos que su declaraci\u00f3n coincide con sus registros.  <\/p>\n\n<h3 class=\"wp-block-heading\">Estimaciones de impuestos trimestrales<\/h3>\n\n<p>Si se espera que env\u00ede los pagos durante el a\u00f1o, le ayudamos a calcular lo que debe y le recordamos antes de cada fecha l\u00edmite. Tambi\u00e9n recibir\u00e1 instrucciones f\u00e1ciles de seguir para presentar esos pagos en l\u00ednea. Esto evita que se retrase o que se enfrente a sanciones cuando llegue la temporada de impuestos.  <\/p>\n\n<h3 class=\"wp-block-heading\">Revisi\u00f3n de fin de a\u00f1o<\/h3>\n\n<p>Antes de presentar la declaraci\u00f3n, revisamos sus libros para detectar entradas que faltan o elementos que deben actualizarse. Si encontramos algo que deba ajustarse, le ayudamos a limpiarlo. Esto facilita la presentaci\u00f3n de totales que reflejen el rendimiento real de su empresa.  <\/p>\n\n<h3 class=\"wp-block-heading\">Ayuda para la presentaci\u00f3n de la entidad<\/h3>\n\n<p>Si la configuraci\u00f3n de su empresa ha cambiado o est\u00e1 pensando en hacer un cambio, le guiaremos a trav\u00e9s de sus opciones y le ayudaremos a completar las presentaciones. Eso podr\u00eda significar pasar de propietario \u00fanico a LLC o elegir el estatus de S corp. Nos aseguraremos de que su declaraci\u00f3n refleje la informaci\u00f3n correcta en funci\u00f3n de su registro.  <\/p>\n\n<h3 class=\"wp-block-heading\">Presentaci\u00f3n de la declaraci\u00f3n de impuestos personal con ingresos empresariales<\/h3>\n\n<p>La mayor\u00eda de los propietarios de peque\u00f1as empresas necesitan ayuda tanto con las declaraciones empresariales como con las personales. Nosotros nos encargamos de ambas al mismo tiempo, asegur\u00e1ndonos de que sus ingresos se registren correctamente y de que no se repita nada. Esto puede ahorrar tiempo y ayudarle a evitar errores que causen retrasos o preguntas del IRS.  <\/p>\n\n<h3 class=\"wp-block-heading\">Ayuda con las cartas del IRS o del estado<\/h3>\n\n<p>Si recibe una carta de una agencia tributaria, le ayudaremos a explicar lo que significa y qu\u00e9 medidas debe tomar. Podemos preparar la respuesta y enviar los registros necesarios. En la mayor\u00eda de los casos, eso es todo lo que se necesita para aclarar el problema y seguir adelante.  <\/p>\n\n<h2 class=\"wp-block-heading\">A qui\u00e9n servimos: Propietarios de peque\u00f1as empresas en todos los sectores<\/h2>\n\n<p>Cada propietario de negocio realiza un seguimiento de los ingresos de una manera diferente, dependiendo de c\u00f3mo se les pague y qu\u00e9 herramientas utilicen. Algunos conf\u00edan en plataformas como Stripe o PayPal, mientras que otros facturan a los clientes directamente o venden productos a trav\u00e9s de tiendas en l\u00ednea. Ajustamos nuestro apoyo para que coincida con la forma en que entran sus ingresos, c\u00f3mo registra los gastos y qu\u00e9 formularios de impuestos se espera que presente.  <\/p>\n\n<h3 class=\"wp-block-heading\">Propietarios \u00fanicos y aut\u00f3nomos<\/h3>\n\n<p>Si dirige un negocio bajo su propio nombre, le ayudamos a organizar los ingresos, registrar los gastos deducibles y presentar su declaraci\u00f3n del Anexo C. Esto incluye la clasificaci\u00f3n de los pagos, el seguimiento de los costes de software o suministros y la garant\u00eda de que sus registros respaldan cada deducci\u00f3n. Tambi\u00e9n calculamos y enviamos recordatorios para los pagos trimestrales para que no le pille desprevenido.  <\/p>\n\n<h3 class=\"wp-block-heading\">LLC de un solo miembro y de varios miembros<\/h3>\n\n<p>Trabajamos con propietarios de negocios que operan como LLC y presentan la declaraci\u00f3n en funci\u00f3n de c\u00f3mo se gravan los impuestos de la empresa. Si presenta la declaraci\u00f3n como una entidad ignorada, preparamos la declaraci\u00f3n bajo su nombre personal. Si tiene una LLC de varios miembros, preparamos los formularios de sociedad, separamos los ingresos de cada propietario y realizamos un seguimiento de los costes compartidos.  <\/p>\n\n<h3 class=\"wp-block-heading\">Corporaciones S<\/h3>\n\n<p>Si su empresa ha elegido el estatus de S corp, nos encargamos del <a href=\"https:\/\/www.irs.gov\/forms-pubs\/about-form-1120-s\" target=\"_blank\" rel=\"noopener\">Formulario 1120-S<\/a> y preparamos los Anexos K-1 para cada accionista. Tambi\u00e9n ayudamos a realizar un seguimiento de la n\u00f3mina, los dividendos y las deducciones vinculadas a las operaciones comerciales. Nuestro equipo se asegura de que estos n\u00fameros coincidan en sus declaraciones comerciales y personales.  <\/p>\n\n<h3 class=\"wp-block-heading\">Contratistas y empresas de servicios<\/h3>\n\n<p>Ayudamos a los proveedores de servicios como consultores, comerciantes y aut\u00f3nomos digitales a organizar los ingresos y los gastos. Esto incluye la gesti\u00f3n de los pagos de m\u00faltiples fuentes y la inclusi\u00f3n de los gastos empresariales elegibles, como el kilometraje, el equipo o las suscripciones de software. Preparamos sus declaraciones utilizando registros que reflejan c\u00f3mo se factura y se paga su trabajo.  <\/p>\n\n<h3 class=\"wp-block-heading\">Vendedores en l\u00ednea y marcas de comercio electr\u00f3nico<\/h3>\n\n<p>Para aquellos que venden productos en l\u00ednea, ayudamos a realizar un seguimiento de las ventas, las devoluciones, las tasas y los costes de software por plataforma. Si est\u00e1 utilizando sitios como Amazon, Shopify o Etsy, conectamos esos informes a sus libros y le ayudamos a organizar los datos para la \u00e9poca de los impuestos. Tambi\u00e9n le ayudamos con la declaraci\u00f3n del impuesto sobre las ventas si est\u00e1 registrado en varios estados.  <\/p>\n\n<h2 class=\"wp-block-heading\">C\u00f3mo trabajar con nosotros<\/h2>\n\n<div class=\"wp-block-columns border-box is-layout-flex wp-container-core-columns-is-layout-28f84493 wp-block-columns-is-layout-flex\">\n<div class=\"wp-block-column first-step is-layout-flow wp-block-column-is-layout-flow\">\n<h3 class=\"wp-block-heading\">1) Free Consult<\/h3>\n\n\n\n<div class=\"wp-block-columns is-layout-flex wp-container-core-columns-is-layout-28f84493 wp-block-columns-is-layout-flex\">\n<div class=\"wp-block-column about-box is-layout-flow wp-block-column-is-layout-flow\">\n<p>Schedule a free 30-minute call to discuss your business, income sources, tools (eg, QuickBooks), and tax needs.<\/p>\n<\/div>\n<\/div>\n\n\n\n<hr class=\"wp-block-separator has-alpha-channel-opacity is-style-wide\"\/>\n\n\n\n<ul class=\"wp-block-list\">\n<li>We ask about your income, expense tracking tools, and specific tax needs.<\/li>\n\n\n\n<li>Determines required forms (eg, Schedule C, 1120-S) and support level (monthly\/quarterly)<\/li>\n<\/ul>\n<\/div>\n\n\n\n<div class=\"wp-block-column second-step is-layout-flow wp-block-column-is-layout-flow\">\n<h3 class=\"wp-block-heading\">2) Secure Upload<\/h3>\n\n\n\n<div class=\"wp-block-columns is-layout-flex wp-container-core-columns-is-layout-28f84493 wp-block-columns-is-layout-flex\">\n<div class=\"wp-block-column about-box is-layout-flow wp-block-column-is-layout-flow\">\n<p>Upload records (bank statements, 1099s, bookkeeping reports) via secure Dropbox drive.<\/p>\n<\/div>\n<\/div>\n\n\n\n<hr class=\"wp-block-separator has-alpha-channel-opacity is-style-wide\"\/>\n\n\n\n<ul class=\"wp-block-list\">\n<li>We provide secure upload links for your financial records.<\/li>\n\n\n\n<li>Ensures all necessary documents are collected for review.<\/li>\n<\/ul>\n<\/div>\n\n\n\n<div class=\"wp-block-column third-step is-layout-flow wp-block-column-is-layout-flow\">\n<h3 class=\"wp-block-heading\">3) Proposal<\/h3>\n\n\n\n<div class=\"wp-block-columns is-layout-flex wp-container-core-columns-is-layout-28f84493 wp-block-columns-is-layout-flex\">\n<div class=\"wp-block-column about-box is-layout-flow wp-block-column-is-layout-flow\">\n<p>Receive a customized proposal within 48 hours, detailing services, costs, and timelines.<\/p>\n<\/div>\n<\/div>\n\n\n\n<hr class=\"wp-block-separator has-alpha-channel-opacity is-style-wide\"\/>\n\n\n\n<ul class=\"wp-block-list\">\n<li>Outlines services (eg, tax filing, bookkeeping, quarterly estimates).<\/li>\n\n\n\n<li>Includes payment schedule (eg, $499\/month).<\/li>\n<\/ul>\n<\/div>\n\n\n\n<div class=\"wp-block-column fourth-step is-layout-flow wp-block-column-is-layout-flow\">\n<h3 class=\"wp-block-heading\">4) Support<\/h3>\n\n\n\n<div class=\"wp-block-columns is-layout-flex wp-container-core-columns-is-layout-28f84493 wp-block-columns-is-layout-flex\">\n<div class=\"wp-block-column about-box is-layout-flow wp-block-column-is-layout-flow\">\n<p>Receive regular updates, clean reports, and filing\/payment reminders to keep your taxes on track.<\/p>\n<\/div>\n<\/div>\n\n\n\n<hr class=\"wp-block-separator has-alpha-channel-opacity is-style-wide\"\/>\n\n\n\n<ul class=\"wp-block-list\">\n<li>Monthly\/quarterly financial summaries and tax deadline reminders.<\/li>\n\n\n\n<li>Handles filings (eg, Form 1120-S, Schedule C) and IRS responses.<\/li>\n\n\n\n<li>Project-based support for one-time issues (eg, missed filings).<\/li>\n<\/ul>\n<\/div>\n<\/div>\n\n<h2 class=\"wp-block-heading\">\u00bfQu\u00e9 ocurre si no ha presentado sus impuestos empresariales durante algunos a\u00f1os?<\/h2>\n\n<p>Si no ha presentado la declaraci\u00f3n en uno o m\u00e1s a\u00f1os, podemos preparar las declaraciones que faltan y ayudarle a poner al d\u00eda su cuenta. Empezamos por revisar cualquier registro que a\u00fan tenga, como extractos bancarios, recibos, facturas o exportaciones de software de contabilidad, y los utilizamos para reconstruir su historial de ingresos y gastos. Si faltan elementos, le informaremos de lo que se necesita y le ayudaremos a rellenar los huecos con la documentaci\u00f3n disponible o las estimaciones basadas en los gastos t\u00edpicos.   <\/p>\n\n<p>Cada declaraci\u00f3n se prepara en el orden correcto, con los formularios adecuados para su tipo de negocio. Si el IRS le ha enviado cartas sobre las declaraciones que faltan, podemos responder en su nombre, explicar las correcciones y enviarlo todo directamente. <\/p>\n\n<h2 class=\"wp-block-heading\">\u00bfPuede deducir parte del alquiler o de la factura de Internet si trabaja desde casa?<\/h2>\n\n<p>Si utiliza una parte de su casa solo para negocios, normalmente puede deducir parte de su alquiler, los servicios p\u00fablicos y los costes de Internet en su declaraci\u00f3n de impuestos. El IRS permite una deducci\u00f3n por oficina en casa si el espacio se utiliza de forma regular y exclusiva para el trabajo.  <\/p>\n\n<p>Le ayudamos a calcular el porcentaje de su casa que califica en funci\u00f3n de los metros cuadrados o el n\u00famero de habitaciones, dependiendo del m\u00e9todo que se aplique a su configuraci\u00f3n. Este porcentaje se aplica entonces a las facturas mensuales como el alquiler, la electricidad, la calefacci\u00f3n y el Wi-Fi. Tambi\u00e9n registramos los gastos elegibles para cosas como el seguro de la empresa, las reparaciones de la casa en la zona de la oficina y los suministros de limpieza. Estas deducciones reducen sus ingresos imponibles y se enumeran en la secci\u00f3n correcta de su declaraci\u00f3n.   <\/p>\n\n<h2 class=\"wp-block-heading\">\u00bfNecesita servicios de preparaci\u00f3n de impuestos en l\u00ednea para su peque\u00f1a empresa? <\/h2>\n\n<p>Si est\u00e1 cobrando pagos, pagando a contratistas o proveedores, registrando gastos de negocio y prepar\u00e1ndose para las fechas l\u00edmite de impuestos, el trabajo puede acumularse r\u00e1pidamente. Sin registros organizados, es f\u00e1cil que se le pasen las fechas de presentaci\u00f3n, que pase por alto deducciones importantes o que declare n\u00fameros incorrectos. En USA Tax Gurus, revisaremos sus finanzas con usted, prepararemos los formularios de impuestos correctos en funci\u00f3n de su tipo de negocio y lo presentaremos todo ante el IRS y su estado. Si est\u00e1 listo para quitarse de encima la preparaci\u00f3n de impuestos y quiere un equipo que gestione las declaraciones de impuestos a tiempo y con registros limpios y precisos, estamos aqu\u00ed para ayudarle. Para empezar, <a href=\"https:\/\/usataxgurus.com\/es\/contactenos\/\">rellene un formulario de contacto<\/a> o llame al      <a href=\"tel:213-212-2210\"><\/a><a href=\"tel:213-204-8737\">213-204-8737<\/a> hoy mismo.<\/p>\n","protected":false},"excerpt":{"rendered":"<p>Dirigir una peque\u00f1a empresa significa que usted es responsable de cada pieza del rompecabezas, incluida la parte que la mayor\u00eda de la gente preferir\u00eda evitar: los impuestos. Entre el seguimiento de los gastos, el ahorro de dinero para los pagos trimestrales y la determinaci\u00f3n de qu\u00e9 deducciones se aplican a su sector, puede parecer que &hellip;<\/p>\n<p class=\"read-more\"> <a class=\"\" href=\"https:\/\/usataxgurus.com\/es\/servicios\/preparacion-de-impuestos-para-empresas\/\"> <span class=\"screen-reader-text\">Preparaci\u00f3n de impuestos en l\u00ednea para peque\u00f1as empresas<\/span> Leer m\u00e1s &raquo;<\/a><\/p>\n","protected":false},"author":2,"featured_media":0,"parent":12101,"menu_order":0,"comment_status":"closed","ping_status":"closed","template":"","meta":{"content-type":"","site-sidebar-layout":"default","site-content-layout":"","ast-site-content-layout":"full-width-container","site-content-style":"default","site-sidebar-style":"default","ast-global-header-display":"","ast-banner-title-visibility":"","ast-main-header-display":"","ast-hfb-above-header-display":"","ast-hfb-below-header-display":"","ast-hfb-mobile-header-display":"","site-post-title":"","ast-breadcrumbs-content":"","ast-featured-img":"","footer-sml-layout":"","theme-transparent-header-meta":"","adv-header-id-meta":"","stick-header-meta":"","header-above-stick-meta":"","header-main-stick-meta":"","header-below-stick-meta":"","astra-migrate-meta-layouts":"","ast-page-background-enabled":"default","ast-page-background-meta":{"desktop":{"background-color":"var(--ast-global-color-4)","background-image":"","background-repeat":"repeat","background-position":"center center","background-size":"auto","background-attachment":"scroll","background-type":"","background-media":"","overlay-type":"","overlay-color":"","overlay-gradient":""},"tablet":{"background-color":"","background-image":"","background-repeat":"repeat","background-position":"center center","background-size":"auto","background-attachment":"scroll","background-type":"","background-media":"","overlay-type":"","overlay-color":"","overlay-gradient":""},"mobile":{"background-color":"","background-image":"","background-repeat":"repeat","background-position":"center center","background-size":"auto","background-attachment":"scroll","background-type":"","background-media":"","overlay-type":"","overlay-color":"","overlay-gradient":""}},"ast-content-background-meta":{"desktop":{"background-color":"var(--ast-global-color-5)","background-image":"","background-repeat":"repeat","background-position":"center center","background-size":"auto","background-attachment":"scroll","background-type":"","background-media":"","overlay-type":"","overlay-color":"","overlay-gradient":""},"tablet":{"background-color":"var(--ast-global-color-5)","background-image":"","background-repeat":"repeat","background-position":"center center","background-size":"auto","background-attachment":"scroll","background-type":"","background-media":"","overlay-type":"","overlay-color":"","overlay-gradient":""},"mobile":{"background-color":"var(--ast-global-color-5)","background-image":"","background-repeat":"repeat","background-position":"center center","background-size":"auto","background-attachment":"scroll","background-type":"","background-media":"","overlay-type":"","overlay-color":"","overlay-gradient":""}},"footnotes":""},"class_list":["post-12126","page","type-page","status-publish","hentry"],"_links":{"self":[{"href":"https:\/\/usataxgurus.com\/es\/wp-json\/wp\/v2\/pages\/12126","targetHints":{"allow":["GET"]}}],"collection":[{"href":"https:\/\/usataxgurus.com\/es\/wp-json\/wp\/v2\/pages"}],"about":[{"href":"https:\/\/usataxgurus.com\/es\/wp-json\/wp\/v2\/types\/page"}],"author":[{"embeddable":true,"href":"https:\/\/usataxgurus.com\/es\/wp-json\/wp\/v2\/users\/2"}],"replies":[{"embeddable":true,"href":"https:\/\/usataxgurus.com\/es\/wp-json\/wp\/v2\/comments?post=12126"}],"version-history":[{"count":2,"href":"https:\/\/usataxgurus.com\/es\/wp-json\/wp\/v2\/pages\/12126\/revisions"}],"predecessor-version":[{"id":12180,"href":"https:\/\/usataxgurus.com\/es\/wp-json\/wp\/v2\/pages\/12126\/revisions\/12180"}],"up":[{"embeddable":true,"href":"https:\/\/usataxgurus.com\/es\/wp-json\/wp\/v2\/pages\/12101"}],"wp:attachment":[{"href":"https:\/\/usataxgurus.com\/es\/wp-json\/wp\/v2\/media?parent=12126"}],"curies":[{"name":"wp","href":"https:\/\/api.w.org\/{rel}","templated":true}]}}