{"id":12128,"date":"2025-02-26T19:23:51","date_gmt":"2025-02-26T19:23:51","guid":{"rendered":"https:\/\/usataxgurus.com\/servicios-virtuales-de-cfo\/"},"modified":"2026-02-04T19:55:26","modified_gmt":"2026-02-04T19:55:26","slug":"servicios-virtuales-de-cfo","status":"publish","type":"page","link":"https:\/\/usataxgurus.com\/es\/servicios\/servicios-virtuales-de-cfo\/","title":{"rendered":"Servicios virtuales de CFO"},"content":{"rendered":"\n<p><strong>Administre las finanzas de su empresa de manera m\u00e1s eficaz y eficiente con ayuda profesional<\/strong><\/p>\n\n<p>Como propietario de una empresa, usted se encarga de todo: grandes ideas, decisiones diarias, ventas e incluso, a veces, de las finanzas. Al principio, gestionar su propia contabilidad, n\u00f3minas e impuestos podr\u00eda haber sido factible, pero a medida que su empresa crece, mantenerse al d\u00eda con todo puede complicarse. Y cuando se producen errores financieros, pueden afectar a su flujo de caja y provocar problemas fiscales.   <\/p>\n\n<p>Ah\u00ed es donde un director financiero (CFO) virtual puede ayudar. Un director financiero virtual experimentado puede proporcionar una orientaci\u00f3n importante en la gesti\u00f3n del flujo de caja, la planificaci\u00f3n del crecimiento, el cumplimiento fiscal y la estrategia financiera que mantiene su empresa en movimiento. USA Tax Gurus ofrece servicios virtuales de CFO a empresas de servicios que operan en todo Estados Unidos. Nuestros agentes inscritos y contadores p\u00fablicos autorizados (CPA) le proporcionar\u00e1n apoyo y orientaci\u00f3n personalizados para ayudarle a lograr claridad financiera y llevar su empresa a nuevas cotas. Puede <a href=\"https:\/\/usataxgurus.com\/es\/contactenos\/\">programar una consulta gratuita<\/a> para hablar con nuestro equipo sobre la externalizaci\u00f3n de su liderazgo financiero a USA Tax Gurus.    <\/p>\n\n<h2 class=\"wp-block-heading\">\u00bfQu\u00e9 es un director financiero virtual? <\/h2>\n\n<p>Un director financiero virtual es un experto financiero que proporciona una direcci\u00f3n de alto nivel sin el coste de un director financiero interno a tiempo completo. A diferencia de un director ejecutivo (CEO), se centra en los aspectos financieros de una empresa, como el flujo de caja, las estrategias fiscales, la planificaci\u00f3n del crecimiento y la rentabilidad, para que usted tenga la informaci\u00f3n necesaria para tomar decisiones importantes para la empresa. <\/p>\n\n<p>En un tiempo, el puesto de director financiero era estrictamente un puesto de oficina. Cuando la pandemia golpe\u00f3 y las empresas de todo tipo trasladaron sus operaciones en l\u00ednea, qued\u00f3 claro que la supervisi\u00f3n financiera tambi\u00e9n pod\u00eda tener lugar de forma remota. Las videoconferencias y los mensajes de Slack eran tan eficaces como las comunicaciones en persona, por lo que m\u00e1s empresas optaron por reducir los gastos contratando ayuda externa para sus puestos de director financiero.  <\/p>\n\n<p>Esta disposici\u00f3n tambi\u00e9n puede beneficiarle a usted. A medida que su empresa crece, la gesti\u00f3n de las finanzas se vuelve mucho m\u00e1s complicada. El seguimiento de los gastos, el cumplimiento de las normas, la previsi\u00f3n de los ingresos y la obtenci\u00f3n de financiaci\u00f3n requieren conocimientos especializados que van m\u00e1s all\u00e1 de las habilidades b\u00e1sicas de contabilidad. Un director financiero virtual puede intervenir para ayudarle a maximizar los beneficios, reducir los riesgos y planificar el futuro, todo ello sin el costoso compromiso de una contrataci\u00f3n a tiempo completo.   <\/p>\n\n<h2 class=\"wp-block-heading\">\u00bfCu\u00e1l es la diferencia entre nuestros servicios virtuales de CFO y un CFO tradicional?<\/h2>\n\n<figure class=\"wp-block-table\"><table><tbody><tr><td><\/td><td>CFO tradicional<\/td><td>CFO virtual<\/td><\/tr><tr><td>Estructura de empleo<\/td><td>Un ejecutivo interno a tiempo completo que participa en las operaciones diarias.<\/td><td>Trabaja de forma remota y de forma flexible, seg\u00fan sea necesario.<\/td><\/tr><tr><td>Coste<\/td><td>Puesto asalariado con beneficios. Cuesta entre 150.000 y m\u00e1s de 300.000 d\u00f3lares al a\u00f1o. <\/td><td>M\u00e1s asequible con una cuota mensual a partir de 699 $\/mes<\/td><\/tr><tr><td>\u00c1mbito de trabajo<\/td><td>Supervisa todas las operaciones financieras, incluida la gesti\u00f3n de un equipo financiero interno, la gesti\u00f3n de la presentaci\u00f3n de informes y la toma de decisiones financieras a largo plazo.<\/td><td>Trabaja con el liderazgo para optimizar las finanzas sin encargarse de la contabilidad diaria.<\/td><\/tr><tr><td>Ideal para<\/td><td>Empresas m\u00e1s grandes que requieren un ejecutivo dedicado a gestionar las operaciones financieras diarias.<\/td><td>Peque\u00f1as y medianas empresas que necesitan asesoramiento financiero experto sin el compromiso de tiempo completo.<\/td><\/tr><\/tbody><\/table><\/figure>\n\n<h2 class=\"wp-block-heading\">\u00bfCu\u00e1nto cuesta un director financiero virtual? <\/h2>\n\n<p>El coste de un director financiero virtual var\u00eda en funci\u00f3n de factores como el tama\u00f1o de la empresa, el sector y el nivel de servicio que necesite. A diferencia de un director financiero a tiempo completo, que normalmente gana entre <a href=\"https:\/\/builtin.com\/salaries\/us\/cfo-chief-financial-officer\" target=\"_blank\" rel=\"noopener\">150.000 y 300.000 d\u00f3lares al a\u00f1o<\/a> m\u00e1s beneficios, puede contratar a un director financiero virtual a un coste que se ajuste a su presupuesto y a las necesidades de su empresa.  <\/p>\n\n<p>En USA Tax Gurus, nos complace ofrecer servicios virtuales de CFO <a href=\"\/es\/?page_id=12101\">a partir de 699 d\u00f3lares al mes<\/a>. Obtendr\u00e1 una supervisi\u00f3n financiera de alto nivel que incluye la planificaci\u00f3n fiscal, la elaboraci\u00f3n de presupuestos, las n\u00f3minas, la gesti\u00f3n del flujo de caja y el apoyo al cumplimiento. A medida que cambian sus necesidades, nuestros servicios pueden ampliarse en consecuencia, para que siempre tenga acceso al asesoramiento que necesita para seguir teniendo \u00e9xito.   <\/p>\n\n<h2 class=\"wp-block-heading\">C\u00f3mo un director financiero virtual puede transformar su empresa <\/h2>\n\n<p>A medida que su empresa crece, sus decisiones financieras se vuelven m\u00e1s complicadas y tienen un impacto de gran alcance. Un director financiero virtual puede indicarle la direcci\u00f3n correcta y mantenerle en el camino hacia el \u00e9xito. A continuaci\u00f3n, se ofrece una visi\u00f3n general de los servicios que ofrecemos a los clientes como parte de nuestro paquete virtual de CFO.  <\/p>\n\n<h3 class=\"wp-block-heading\">Gesti\u00f3n del flujo de caja <\/h3>\n\n<p>Los problemas de flujo de caja son una de las principales causas del fracaso de las empresas, pero la estrategia adecuada puede mantener sus finanzas en el buen camino. Un director financiero virtual le muestra a d\u00f3nde va su dinero, prev\u00e9 las necesidades futuras de la empresa y pone en marcha planes inteligentes para asegurarse de que siempre tiene suficiente capital circulante. En USA Tax Gurus, trabajamos con usted para rastrear, planificar y optimizar el flujo de caja, de modo que los gastos inesperados o las ventas lentas nunca le pillen desprevenido.   <\/p>\n\n<h3 class=\"wp-block-heading\">Planificaci\u00f3n y cumplimiento fiscal <\/h3>\n\n<p>La temporada de impuestos puede ser estresante, especialmente si sus libros no est\u00e1n en orden o no entiende completamente las regulaciones fiscales que rigen su industria. Un director financiero virtual se asegura de que est\u00e1 aprovechando las oportunidades de ahorro de impuestos (como la creaci\u00f3n y gesti\u00f3n de un plan responsable, o la creaci\u00f3n y maximizaci\u00f3n de un 401k) al tiempo que mantiene su negocio en cumplimiento con las leyes federales y estatales. Con nuestro servicio de asesoramiento y planificaci\u00f3n fiscal, tendr\u00e1 una estrategia fiscal clara durante todo el a\u00f1o, no solo cuando sea el momento de presentar la declaraci\u00f3n.   <\/p>\n\n<h3 class=\"wp-block-heading\">Elaboraci\u00f3n de presupuestos y planificaci\u00f3n de gastos <\/h3>\n\n<p>Dirigir un negocio sin un presupuesto es como conducir sin un mapa. Un director financiero virtual crea un presupuesto realista que le ayuda a controlar los costes y a maximizar los beneficios. En USA Tax Gurus, podemos llevar a cabo la elaboraci\u00f3n de presupuestos y el an\u00e1lisis financiero para ayudarle a identificar las \u00e1reas en las que puede recortar gastos innecesarios y reinvertir en oportunidades de crecimiento.   <\/p>\n\n<h3 class=\"wp-block-heading\">N\u00f3minas y beneficios para empleados <\/h3>\n\n<p>Los errores en las n\u00f3minas pueden acarrear costosas multas y empleados frustrados. Nuestros servicios virtuales de CFO incluyen la gesti\u00f3n completa de las n\u00f3minas para que su equipo reciba el pago correcto y a tiempo, mientras que su empresa cumple con las leyes fiscales. Tambi\u00e9n le ayudamos con la planificaci\u00f3n y la creaci\u00f3n de cuentas de jubilaci\u00f3n, lo que le ayuda a crear un futuro financiero s\u00f3lido tanto para usted como para sus empleados.   <\/p>\n\n<h3 class=\"wp-block-heading\">Crecimiento y escalamiento empresarial <\/h3>\n\n<p>Si est\u00e1 buscando expandirse, un director financiero virtual proporciona previsiones financieras, evaluaciones comparativas del sector y conocimientos estrat\u00e9gicos para asegurarse de que escala de forma rentable. Le ayudan a entender cu\u00e1ndo y c\u00f3mo invertir en el crecimiento, ya sea contratando nuevos empleados, ampliando las ubicaciones o lanzando nuevos productos.  <\/p>\n\n<h3 class=\"wp-block-heading\">Mantenerse al d\u00eda con el cumplimiento y los plazos <\/h3>\n\n<p>La presentaci\u00f3n tard\u00eda de documentos y los problemas de cumplimiento pueden acarrear sanciones, auditor\u00edas y problemas legales. Con nuestro seguimiento de los plazos corporativos y los servicios de renovaci\u00f3n de la Secretar\u00eda de Estado, nunca se perder\u00e1 un plazo importante.  <\/p>\n\n<h2 class=\"wp-block-heading\">\u00bfQui\u00e9n podr\u00eda utilizar un director financiero virtual? <\/h2>\n\n<p>Un director financiero virtual puede beneficiar a empresas de todos los tama\u00f1os, por lo que si est\u00e1 dedicando cada vez m\u00e1s tiempo a la gesti\u00f3n de las finanzas de la empresa, es posible que desee considerar la posibilidad de contratar a un experto. A continuaci\u00f3n, se ofrece una visi\u00f3n general de los diferentes tipos de clientes con los que trabajamos cada d\u00eda. <\/p>\n\n<h3 class=\"wp-block-heading\">Peque\u00f1as y medianas empresas<\/h3>\n\n<p>Como explicamos anteriormente, la contrataci\u00f3n de un director financiero a tiempo completo puede costar m\u00e1s de 200.000 d\u00f3lares al a\u00f1o, lo que no es realista para muchas peque\u00f1as y medianas empresas. Pero eso no significa que su estrategia financiera tenga que quedar en un segundo plano. Un director financiero virtual trabaja con usted para mantener su negocio en terreno s\u00f3lido y posicionarlo para el crecimiento.   <\/p>\n\n<p>Ayudamos a empresas de muchos sectores de servicios diferentes, entre ellos: <\/p>\n\n<ul class=\"wp-block-list\">\n<li>Agencias de marketing<\/li>\n\n\n\n<li>Empresas de TI<\/li>\n\n\n\n<li>Agencias de viajes<\/li>\n\n\n\n<li>Agencias de recursos humanos<\/li>\n\n\n\n<li>Empresas de consultor\u00eda<\/li>\n\n\n\n<li>Empresas de limpieza<\/li>\n\n\n\n<li>Empresas de jardiner\u00eda<\/li>\n\n\n\n<li>Bufetes de abogados<\/li>\n\n\n\n<li>Salones de belleza<\/li>\n\n\n\n<li>Estudios de yoga<\/li>\n\n\n\n<li>Gimnasios<\/li>\n<\/ul>\n\n<h3 class=\"wp-block-heading\">Empresas en crecimiento que buscan una gesti\u00f3n financiera escalable <\/h3>\n\n<p>El crecimiento es emocionante, pero tiene que asegurarse de que est\u00e1 funcionando a su favor. Tiene que hacerse preguntas como:  <\/p>\n\n<ul class=\"wp-block-list\">\n<li>\u00bfEst\u00e1 gastando demasiado? <\/li>\n\n\n\n<li>\u00bfEs su flujo de caja lo suficientemente fuerte como para apoyar la expansi\u00f3n? <\/li>\n\n\n\n<li>\u00bfPuede permitirse contratar a m\u00e1s empleados? <\/li>\n<\/ul>\n\n<p>Un director financiero virtual proporciona informaci\u00f3n sobre la elaboraci\u00f3n de presupuestos, la previsi\u00f3n y las estrategias de rentabilidad para que pueda mantener su negocio en crecimiento sin riesgos financieros innecesarios. <\/p>\n\n<h3 class=\"wp-block-heading\">Startups que necesitan estrategias de flujo de caja<\/h3>\n\n<p>Las startups queman el dinero r\u00e1pidamente, y sin una planificaci\u00f3n cuidadosa, es f\u00e1cil meterse en problemas. Un director financiero virtual puede crear una hoja de ruta financiera, supervisar el flujo de caja y preparar informes para los inversores, de modo que pueda atraer financiaci\u00f3n, realizar un seguimiento de los gastos y apoyar la sostenibilidad a largo plazo. Si est\u00e1 presentando su proyecto a los inversores, tener una estrategia clara y s\u00f3lida proporcionada por un experto de nivel de director financiero puede inspirar confianza.   <\/p>\n\n<h3 class=\"wp-block-heading\">Propietarios de negocios que gestionan sus finanzas solos <\/h3>\n\n<p>Muchos aut\u00f3nomos, artistas, dise\u00f1adores, personas influyentes y otros emprendedores individuales inician negocios para perseguir su pasi\u00f3n, no para pasar horas enterrados en hojas de c\u00e1lculo, documentos fiscales e informes financieros. Si las tareas de contabilidad, planificaci\u00f3n fiscal y cumplimiento le est\u00e1n alejando del trabajo que le gusta, un director financiero virtual puede ayudarle. Con la orientaci\u00f3n de expertos y la planificaci\u00f3n financiera estrat\u00e9gica, entender\u00e1 exactamente a d\u00f3nde va su dinero y c\u00f3mo sacarle el m\u00e1ximo partido, lo que le permitir\u00e1 centrarse en el crecimiento de su negocio.  <\/p>\n\n<h2 class=\"wp-block-heading\">\u00bfPor qu\u00e9 elegir USA Tax Gurus? <\/h2>\n\n<p>En USA Tax Gurus, estamos orgullosos de ofrecer servicios virtuales de CFO que son asequibles, integrales y orientados al crecimiento. Cuando trabaja con nuestro equipo de expertos financieros, profesionales de impuestos y especialistas en cumplimiento, se beneficia de lo siguiente: <\/p>\n\n<ul class=\"wp-block-list\">\n<li><strong>Precios asequibles:<\/strong> Los planes comienzan en solo 699 d\u00f3lares al mes. No hay cargos ocultos ni cargos sorpresa.  <\/li>\n\n\n\n<li><strong>Soporte personalizado:<\/strong> Las preguntas pueden surgir en cualquier momento. Le damos acceso directo a expertos financieros por tel\u00e9fono y correo electr\u00f3nico cuando lo necesite.  <\/li>\n\n\n\n<li><strong>Servicios integrales:<\/strong> Desde la contabilidad y la estrategia fiscal hasta el cumplimiento, lo gestionamos todo por usted. <\/li>\n\n\n\n<li><strong>Soluciones con visi\u00f3n de futuro:<\/strong> Nos integramos con las \u00faltimas herramientas de contabilidad para que la tecnolog\u00eda obsoleta no afecte a la integridad de las finanzas de su empresa.<\/li>\n<\/ul>\n\n<h2 class=\"wp-block-heading\">\u00bfListo para tomar el control de las finanzas de su empresa? <\/h2>\n\n<p>La gesti\u00f3n de las finanzas de su empresa no deber\u00eda ser una fuente de estr\u00e9s. Un director financiero virtual proporciona la informaci\u00f3n y la estrategia que necesita para mantener su negocio funcionando sin problemas, sin el alto coste de un puesto interno. Puede tomar mejores decisiones financieras, evitar errores y construir un futuro s\u00f3lido y rentable. En USA Tax Gurus, estamos aqu\u00ed para ayudarle a tomar el control de sus finanzas con servicios virtuales de CFO adaptados a sus necesidades. Empiece hoy mismo y vea c\u00f3mo podemos ayudar a su empresa a prosperar. Puede <a href=\"https:\/\/usataxgurus.com\/es\/contactenos\/\">reservar una consulta gratuita<\/a> con un miembro de nuestro equipo para obtener m\u00e1s informaci\u00f3n sobre nuestros servicios.     <\/p>\n","protected":false},"excerpt":{"rendered":"<p>Administre las finanzas de su empresa de manera m\u00e1s eficaz y eficiente con ayuda profesional Como propietario de una empresa, usted se encarga de todo: grandes ideas, decisiones diarias, ventas e incluso, a veces, de las finanzas. Al principio, gestionar su propia contabilidad, n\u00f3minas e impuestos podr\u00eda haber sido factible, pero a medida que su &hellip;<\/p>\n<p class=\"read-more\"> <a class=\"\" href=\"https:\/\/usataxgurus.com\/es\/servicios\/servicios-virtuales-de-cfo\/\"> <span class=\"screen-reader-text\">Servicios virtuales de CFO<\/span> Leer m\u00e1s &raquo;<\/a><\/p>\n","protected":false},"author":2,"featured_media":0,"parent":12101,"menu_order":0,"comment_status":"closed","ping_status":"closed","template":"","meta":{"content-type":"","site-sidebar-layout":"default","site-content-layout":"","ast-site-content-layout":"full-width-container","site-content-style":"unboxed","site-sidebar-style":"default","ast-global-header-display":"","ast-banner-title-visibility":"","ast-main-header-display":"","ast-hfb-above-header-display":"","ast-hfb-below-header-display":"","ast-hfb-mobile-header-display":"","site-post-title":"","ast-breadcrumbs-content":"","ast-featured-img":"","footer-sml-layout":"","theme-transparent-header-meta":"","adv-header-id-meta":"","stick-header-meta":"","header-above-stick-meta":"","header-main-stick-meta":"","header-below-stick-meta":"","astra-migrate-meta-layouts":"","ast-page-background-enabled":"default","ast-page-background-meta":{"desktop":{"background-color":"var(--ast-global-color-4)","background-image":"","background-repeat":"repeat","background-position":"center center","background-size":"auto","background-attachment":"scroll","background-type":"","background-media":"","overlay-type":"","overlay-color":"","overlay-gradient":""},"tablet":{"background-color":"","background-image":"","background-repeat":"repeat","background-position":"center center","background-size":"auto","background-attachment":"scroll","background-type":"","background-media":"","overlay-type":"","overlay-color":"","overlay-gradient":""},"mobile":{"background-color":"","background-image":"","background-repeat":"repeat","background-position":"center center","background-size":"auto","background-attachment":"scroll","background-type":"","background-media":"","overlay-type":"","overlay-color":"","overlay-gradient":""}},"ast-content-background-meta":{"desktop":{"background-color":"var(--ast-global-color-5)","background-image":"","background-repeat":"repeat","background-position":"center center","background-size":"auto","background-attachment":"scroll","background-type":"","background-media":"","overlay-type":"","overlay-color":"","overlay-gradient":""},"tablet":{"background-color":"var(--ast-global-color-5)","background-image":"","background-repeat":"repeat","background-position":"center center","background-size":"auto","background-attachment":"scroll","background-type":"","background-media":"","overlay-type":"","overlay-color":"","overlay-gradient":""},"mobile":{"background-color":"var(--ast-global-color-5)","background-image":"","background-repeat":"repeat","background-position":"center center","background-size":"auto","background-attachment":"scroll","background-type":"","background-media":"","overlay-type":"","overlay-color":"","overlay-gradient":""}},"footnotes":""},"class_list":["post-12128","page","type-page","status-publish","hentry"],"_links":{"self":[{"href":"https:\/\/usataxgurus.com\/es\/wp-json\/wp\/v2\/pages\/12128","targetHints":{"allow":["GET"]}}],"collection":[{"href":"https:\/\/usataxgurus.com\/es\/wp-json\/wp\/v2\/pages"}],"about":[{"href":"https:\/\/usataxgurus.com\/es\/wp-json\/wp\/v2\/types\/page"}],"author":[{"embeddable":true,"href":"https:\/\/usataxgurus.com\/es\/wp-json\/wp\/v2\/users\/2"}],"replies":[{"embeddable":true,"href":"https:\/\/usataxgurus.com\/es\/wp-json\/wp\/v2\/comments?post=12128"}],"version-history":[{"count":2,"href":"https:\/\/usataxgurus.com\/es\/wp-json\/wp\/v2\/pages\/12128\/revisions"}],"predecessor-version":[{"id":12181,"href":"https:\/\/usataxgurus.com\/es\/wp-json\/wp\/v2\/pages\/12128\/revisions\/12181"}],"up":[{"embeddable":true,"href":"https:\/\/usataxgurus.com\/es\/wp-json\/wp\/v2\/pages\/12101"}],"wp:attachment":[{"href":"https:\/\/usataxgurus.com\/es\/wp-json\/wp\/v2\/media?parent=12128"}],"curies":[{"name":"wp","href":"https:\/\/api.w.org\/{rel}","templated":true}]}}